{"id":9354,"date":"2022-04-17T12:11:30","date_gmt":"2022-04-17T09:11:30","guid":{"rendered":"https:\/\/ehmlearn.com\/urun-egitimleri\/"},"modified":"2022-11-23T17:55:18","modified_gmt":"2022-11-23T14:55:18","slug":"urun-egitimleri","status":"publish","type":"page","link":"https:\/\/ehmlearn.com\/bg\/urun-egitimleri\/","title":{"rendered":"\u00dcr\u00fcn E\u011fitimleri"},"content":{"rendered":"\t\t<div data-elementor-type=\"wp-page\" data-elementor-id=\"9354\" class=\"elementor elementor-9354\">\n\t\t\t\t\t\t<section class=\"elementor-section elementor-top-section elementor-element elementor-element-58d3361 elementor-section-boxed elementor-section-height-default elementor-section-height-default\" data-id=\"58d3361\" data-element_type=\"section\">\n\t\t\t\t\t\t<div class=\"elementor-container elementor-column-gap-default\">\n\t\t\t\t\t<div class=\"elementor-column elementor-col-100 elementor-top-column elementor-element elementor-element-37b0ffe\" data-id=\"37b0ffe\" data-element_type=\"column\">\n\t\t\t<div class=\"elementor-widget-wrap elementor-element-populated\">\n\t\t\t\t\t\t<div class=\"elementor-element elementor-element-aa4bf6f elementor-widget elementor-widget-heading\" data-id=\"aa4bf6f\" data-element_type=\"widget\" data-widget_type=\"heading.default\">\n\t\t\t\t<div class=\"elementor-widget-container\">\n\t\t\t<style>\/*! elementor - v3.21.0 - 08-05-2024 *\/\n.elementor-heading-title{padding:0;margin:0;line-height:1}.elementor-widget-heading .elementor-heading-title[class*=elementor-size-]>a{color:inherit;font-size:inherit;line-height:inherit}.elementor-widget-heading .elementor-heading-title.elementor-size-small{font-size:15px}.elementor-widget-heading .elementor-heading-title.elementor-size-medium{font-size:19px}.elementor-widget-heading .elementor-heading-title.elementor-size-large{font-size:29px}.elementor-widget-heading .elementor-heading-title.elementor-size-xl{font-size:39px}.elementor-widget-heading .elementor-heading-title.elementor-size-xxl{font-size:59px}<\/style><h2 class=\"elementor-heading-title elementor-size-default\">\u041f\u0440\u043e\u0434\u0443\u043a\u0442\u043e\u0432\u0438 \u043e\u0431\u0443\u0447\u0435\u043d\u0438\u044f<\/h2>\t\t<\/div>\n\t\t\t\t<\/div>\n\t\t\t\t<div class=\"elementor-element elementor-element-41a4d7d elementor-widget elementor-widget-stm_lms_courses_grid\" data-id=\"41a4d7d\" data-element_type=\"widget\" data-widget_type=\"stm_lms_courses_grid.default\">\n\t\t\t\t<div class=\"elementor-widget-container\">\n\t\t\t\n<div class=\"stm_lms_courses_grid stm_lms_courses\">\n\n\t<div class=\"stm_lms_courses_grid__top hidden\">\n\t\t<div class=\"stm_lms_courses_grid__counter\">\n\t\t\t\t\t\t\t<h3>\n\t\t\t\t\tTotal: <strong>17 Courses<\/strong>\t\t\t\t\t<a class=\"stm_lms_courses_grid__all\" href=\"https:\/\/ehmlearn.com\/egitimler\/\">\n\t\t\t\t\t\tView all\t\t\t\t\t<\/a>\n\t\t\t\t<\/h3>\n\t\t\t\t\t<\/div>\n\t\t<div class=\"stm_lms_courses_grid__sort heading_font stm_lms_grid_sort_module showing\"\n\t\t\t\tdata-text=\"Sort by:\">\n\t\t\t<select class=\"no-search\">\n\t\t\t\t<option value=\"date_high\">Release date (newest first)<\/option>\n\t\t\t\t<option value=\"date_low\">Release date (oldest first)<\/option>\n\t\t\t\t<option value=\"rating\">Overall Rating<\/option>\n\t\t\t\t<option value=\"popular\">Popular (most viewed)<\/option>\n\t\t\t<\/select>\n\t\t<\/div>\n\t<\/div>\n\n\t\t\t\t\t<div class=\"stm_lms_courses__grid stm_lms_courses__grid_4 stm_lms_courses__grid_center \"\n\t\tdata-pages=\"0\">\n\t\n\t<div class=\"stm-lms-course-no-result\">\n\t\t<div class=\"no-found\">\n\t\t\t<div class=\"no-found-background\">\n\t\t\t\t<span class=\"no-result-icon\">\n\t\t\t\t<\/span>\n\t\t\t<\/div>\n\t\t\t<div class=\"no-found-icon\">\n\t\t\t\t<i class=\"stmlms-not_found_courses\"> <\/i>\n\t\t\t<\/div>\n\t\t<\/div>\n\t\t<p>\n\t\t\tNo courses found.\t\t<\/p>\n\t\t<a href=\"https:\/\/ehmlearn.com\/bg\/egitimler\/\" class=\"stm_lms_courses__filter_reset\">\n\t\t\t<i class=\"fa fa-refresh\"><\/i>\n\t\t\t<span>Reset all<\/span>\n\t\t<\/a>\n\t<\/div>\n\t\t\t<\/div>\n\t\n\t<div class=\"showing\">\n\t\t\n<div class=\"text-center\">\n\t<a href=\"#\"\n\t\tclass=\"btn btn-default stm_lms_load_more_courses\"\n\t\tdata-offset=\"1\"\n\t\tdata-url=\"\"\n\t\tdata-args='{\"per_row\":\"4\",\"include_link\":true,\"tax_query\":[{\"taxonomy\":\"stm_lms_course_taxonomy\",\"field\":\"term_id\",\"terms\":[\"253\"]}],\"image_size\":\"300x225\",\"course_card_style\":\"style_1\",\"course_card_info\":\"center\",\"img_container_height\":\"160\"}'>\n\t\t<span>Load more<\/span>\n\t<\/a>\n<\/div>\n\t<\/div>\n\n<\/div>\n\t\t<\/div>\n\t\t\t\t<\/div>\n\t\t\t\t<div class=\"elementor-element elementor-element-3b43bc5 elementor-widget elementor-widget-stm_lms_courses_grid\" data-id=\"3b43bc5\" data-element_type=\"widget\" data-widget_type=\"stm_lms_courses_grid.default\">\n\t\t\t\t<div class=\"elementor-widget-container\">\n\t\t\t\n<div class=\"stm_lms_courses_grid stm_lms_courses\">\n\n\t<div class=\"stm_lms_courses_grid__top hidden\">\n\t\t<div class=\"stm_lms_courses_grid__counter\">\n\t\t\t\t\t\t\t<h3>\n\t\t\t\t\tTotal: <strong>17 Courses<\/strong>\t\t\t\t\t<a class=\"stm_lms_courses_grid__all\" href=\"https:\/\/ehmlearn.com\/egitimler\/\">\n\t\t\t\t\t\tView all\t\t\t\t\t<\/a>\n\t\t\t\t<\/h3>\n\t\t\t\t\t<\/div>\n\t\t<div class=\"stm_lms_courses_grid__sort heading_font stm_lms_grid_sort_module showing\"\n\t\t\t\tdata-text=\"Sort by:\">\n\t\t\t<select class=\"no-search\">\n\t\t\t\t<option value=\"date_high\">Release date (newest first)<\/option>\n\t\t\t\t<option value=\"date_low\">Release date (oldest first)<\/option>\n\t\t\t\t<option value=\"rating\">Overall Rating<\/option>\n\t\t\t\t<option value=\"popular\">Popular (most viewed)<\/option>\n\t\t\t<\/select>\n\t\t<\/div>\n\t<\/div>\n\n\t\t\t\t\t<div class=\"stm_lms_courses__grid stm_lms_courses__grid_4 stm_lms_courses__grid_center \"\n\t\tdata-pages=\"0\">\n\t\n\t<div class=\"stm-lms-course-no-result\">\n\t\t<div class=\"no-found\">\n\t\t\t<div class=\"no-found-background\">\n\t\t\t\t<span class=\"no-result-icon\">\n\t\t\t\t<\/span>\n\t\t\t<\/div>\n\t\t\t<div class=\"no-found-icon\">\n\t\t\t\t<i class=\"stmlms-not_found_courses\"> <\/i>\n\t\t\t<\/div>\n\t\t<\/div>\n\t\t<p>\n\t\t\tNo courses found.\t\t<\/p>\n\t\t<a href=\"https:\/\/ehmlearn.com\/bg\/egitimler\/\" class=\"stm_lms_courses__filter_reset\">\n\t\t\t<i class=\"fa fa-refresh\"><\/i>\n\t\t\t<span>Reset all<\/span>\n\t\t<\/a>\n\t<\/div>\n\t\t\t<\/div>\n\t\n\t<div class=\"showing\">\n\t\t\n<div class=\"text-center\">\n\t<a href=\"#\"\n\t\tclass=\"btn btn-default stm_lms_load_more_courses\"\n\t\tdata-offset=\"1\"\n\t\tdata-url=\"\"\n\t\tdata-args='{\"per_row\":\"4\",\"include_link\":true,\"tax_query\":[{\"taxonomy\":\"stm_lms_course_taxonomy\",\"field\":\"term_id\",\"terms\":[\"252\"]}],\"image_size\":\"300x225\",\"course_card_style\":\"style_1\",\"course_card_info\":\"center\",\"img_container_height\":\"160\"}'>\n\t\t<span>Load more<\/span>\n\t<\/a>\n<\/div>\n\t<\/div>\n\n<\/div>\n\t\t<\/div>\n\t\t\t\t<\/div>\n\t\t\t\t\t<\/div>\n\t\t<\/div>\n\t\t\t\t\t<\/div>\n\t\t<\/section>\n\t\t\t\t<\/div>\n\t\t","protected":false},"excerpt":{"rendered":"<p>\u041f\u0440\u043e\u0434\u0443\u043a\u0442\u043e\u0432\u0438 \u043e\u0431\u0443\u0447\u0435\u043d\u0438\u044f Total: 177 Courses View all Release date (newest first)Release date (oldest first)Overall RatingPopular (most viewed) No courses found. Reset all Load more Total: 177 Courses View all Release date (newest first)Release date (oldest first)Overall RatingPopular (most viewed) No courses found. Reset all Load more<\/p>\n","protected":false},"author":1,"featured_media":0,"parent":0,"menu_order":0,"comment_status":"closed","ping_status":"closed","template":"","meta":{"footnotes":""},"class_list":["post-9354","page","type-page","status-publish","hentry"],"_links":{"self":[{"href":"https:\/\/ehmlearn.com\/bg\/wp-json\/wp\/v2\/pages\/9354","targetHints":{"allow":["GET"]}}],"collection":[{"href":"https:\/\/ehmlearn.com\/bg\/wp-json\/wp\/v2\/pages"}],"about":[{"href":"https:\/\/ehmlearn.com\/bg\/wp-json\/wp\/v2\/types\/page"}],"author":[{"embeddable":true,"href":"https:\/\/ehmlearn.com\/bg\/wp-json\/wp\/v2\/users\/1"}],"replies":[{"embeddable":true,"href":"https:\/\/ehmlearn.com\/bg\/wp-json\/wp\/v2\/comments?post=9354"}],"version-history":[{"count":19,"href":"https:\/\/ehmlearn.com\/bg\/wp-json\/wp\/v2\/pages\/9354\/revisions"}],"predecessor-version":[{"id":9740,"href":"https:\/\/ehmlearn.com\/bg\/wp-json\/wp\/v2\/pages\/9354\/revisions\/9740"}],"wp:attachment":[{"href":"https:\/\/ehmlearn.com\/bg\/wp-json\/wp\/v2\/media?parent=9354"}],"curies":[{"name":"wp","href":"https:\/\/api.w.org\/{rel}","templated":true}]}}